{"id":9528,"date":"2025-02-05T17:50:04","date_gmt":"2025-02-05T17:50:04","guid":{"rendered":"https:\/\/ezinjurylaw.com\/abogados\/"},"modified":"2026-02-17T10:18:48","modified_gmt":"2026-02-17T10:18:48","slug":"abogados","status":"publish","type":"page","link":"https:\/\/ezinjurylaw.com\/es\/abogados\/","title":{"rendered":"Abogados"},"content":{"rendered":"\t\t<div data-elementor-type=\"wp-page\" data-elementor-id=\"9528\" class=\"elementor elementor-9528 elementor-32\" data-elementor-post-type=\"page\">\n\t\t\t\t\t\t<section class=\"elementor-section elementor-top-section elementor-element elementor-element-45071fe elementor-section-boxed elementor-section-height-default elementor-section-height-default\" data-id=\"45071fe\" data-element_type=\"section\" data-e-type=\"section\">\n\t\t\t\t\t\t<div class=\"elementor-container elementor-column-gap-default\">\n\t\t\t\t\t<div class=\"elementor-column elementor-col-100 elementor-top-column elementor-element elementor-element-68937a0\" data-id=\"68937a0\" data-element_type=\"column\" data-e-type=\"column\">\n\t\t\t<div class=\"elementor-widget-wrap elementor-element-populated\">\n\t\t\t\t\t\t<div class=\"elementor-element elementor-element-e304f79 elementor-widget elementor-widget-tx_heading elh-el tx_heading\" data-id=\"e304f79\" data-element_type=\"widget\" data-e-type=\"widget\" data-settings=\"{&quot;design_style&quot;:&quot;style_1&quot;}\" data-widget_type=\"tx_heading.default\">\n\t\t\t\t<div class=\"elementor-widget-container\">\n\t\t\t\t\t<div class=\"tx-heading-section lw-features-1-wrap position-relative text-center\">\r\n        <h2 class=\"lw-sec-big-title tx-big-title lw-split-1 w-100\">Abogados<\/h2>\r\n    \r\n        <h6 class=\"lw-subtitle-1 tx-subTitle\">\r\n                                    <img decoding=\"async\" class=\"wa-fadeInUp\" src=\"https:\/\/ezinjurylaw.com\/wp-content\/uploads\/2025\/02\/subtitle-1-icon.webp\" alt=\"subtitle-1-icon\">\r\n                        \r\n        Nuestros abogados con experiencia    <\/h6>\r\n        <h2 class=\"tx-title lw-sec-title-1 lw-split-2\">Tenemos<br> un equipo experimentado<\/h2>\r\n    <\/div>\t\t\t\t<\/div>\n\t\t\t\t<\/div>\n\t\t\t\t\t<\/div>\n\t\t<\/div>\n\t\t\t\t\t<\/div>\n\t\t<\/section>\n\t\t<div class=\"elementor-element elementor-element-95ceccc e-con-full e-flex e-con e-parent\" data-id=\"95ceccc\" data-element_type=\"container\" data-e-type=\"container\">\n\t\t<div class=\"elementor-element elementor-element-5e4aa87 e-con-full e-flex e-con e-child\" data-id=\"5e4aa87\" data-element_type=\"container\" data-e-type=\"container\">\n\t\t\t\t<div class=\"elementor-element elementor-element-e4ca769 elementor-widget elementor-widget-tx_team elh-el tx_team\" data-id=\"e4ca769\" data-element_type=\"widget\" data-e-type=\"widget\" data-settings=\"{&quot;design_style&quot;:&quot;style_1&quot;}\" data-widget_type=\"tx_team.default\">\n\t\t\t\t<div class=\"elementor-widget-container\">\n\t\t\t\t\t<div class=\"lw-team-1-item\">\r\n        <div class=\"main-img wa-fix wa-img-cover\">\r\n        <img decoding=\"async\" src=\"https:\/\/ezinjurylaw.com\/wp-content\/uploads\/2025\/12\/8.jpg\"\r\n        alt=\"8\">\r\n    <\/div>\r\n    \r\n    <div class=\"content-posi\">\r\n        <!-- content -->\r\n        <div class=\"content\">\r\n                        <h5 class=\"lw-h-1 title\">\r\n                <a\r\n                href=\"https:\/\/ezinjurylaw.com\/teams\/ayensa-i-millan\/\"\r\n                target=\"_self\"\r\n                rel=\"\">\r\n                    Ayensa I. Millan, Esq.                <\/a>\r\n            <\/h5>\r\n                                    <p class=\"lw-p-1 disc\">Managing Attorney<\/p>\r\n                    <\/div>\r\n\r\n        <!-- social -->\r\n            <\/div>\r\n<\/div>\t\t\t\t<\/div>\n\t\t\t\t<\/div>\n\t\t\t\t<\/div>\n\t\t<div class=\"elementor-element elementor-element-ae79b42 e-con-full e-flex e-con e-child\" data-id=\"ae79b42\" data-element_type=\"container\" data-e-type=\"container\">\n\t\t\t\t<div class=\"elementor-element elementor-element-3dc944e elementor-widget elementor-widget-tx_team elh-el tx_team\" data-id=\"3dc944e\" data-element_type=\"widget\" data-e-type=\"widget\" data-settings=\"{&quot;design_style&quot;:&quot;style_1&quot;}\" data-widget_type=\"tx_team.default\">\n\t\t\t\t<div class=\"elementor-widget-container\">\n\t\t\t\t\t<div class=\"lw-team-1-item\">\r\n        <div class=\"main-img wa-fix wa-img-cover\">\r\n        <img decoding=\"async\" src=\"https:\/\/ezinjurylaw.com\/wp-content\/uploads\/2025\/12\/9-1.jpg\"\r\n        alt=\"9-1\">\r\n    <\/div>\r\n    \r\n    <div class=\"content-posi\">\r\n        <!-- content -->\r\n        <div class=\"content\">\r\n                        <h5 class=\"lw-h-1 title\">\r\n                <a\r\n                href=\"https:\/\/ezinjurylaw.com\/teams\/arash-tavanaei\/\"\r\n                target=\"_self\"\r\n                rel=\"\">\r\n                    Arash Alex Tavanaei, Esq.                <\/a>\r\n            <\/h5>\r\n                                    <p class=\"lw-p-1 disc\">Managing Attorney<\/p>\r\n                    <\/div>\r\n\r\n        <!-- social -->\r\n            <\/div>\r\n<\/div>\t\t\t\t<\/div>\n\t\t\t\t<\/div>\n\t\t\t\t<\/div>\n\t\t\t\t<\/div>\n\t\t\t\t<section class=\"elementor-section elementor-top-section elementor-element elementor-element-e8cdcc3 elementor-section-full_width elementor-section-height-default elementor-section-height-default\" data-id=\"e8cdcc3\" data-element_type=\"section\" data-e-type=\"section\">\n\t\t\t\t\t\t<div class=\"elementor-container elementor-column-gap-default\">\n\t\t\t\t\t<div class=\"elementor-column elementor-col-100 elementor-top-column elementor-element elementor-element-eb2c64a\" data-id=\"eb2c64a\" data-element_type=\"column\" data-e-type=\"column\">\n\t\t\t<div class=\"elementor-widget-wrap elementor-element-populated\">\n\t\t\t\t<div class=\"elementor-element elementor-element-622a9db e-flex e-con-boxed e-con e-parent\" data-id=\"622a9db\" data-element_type=\"container\" data-e-type=\"container\">\n\t\t\t\t\t<div class=\"e-con-inner\">\n\t\t\t\t<div class=\"elementor-element elementor-element-0f62d10 elementor-widget elementor-widget-tx_social_links elh-el tx_social_links\" data-id=\"0f62d10\" data-element_type=\"widget\" data-e-type=\"widget\" data-settings=\"{&quot;design_style&quot;:&quot;style_1&quot;}\" data-widget_type=\"tx_social_links.default\">\n\t\t\t\t<div class=\"elementor-widget-container\">\n\t\t\t\t\t<div class=\"lw-team-details-content-social tx-listItems\">\r\n        <a aria-label=\"Social Link\" class=\"link\" href=\"https:\/\/www.facebook.com\/ezinjurylaw\"\r\n    target=\"_blank\"\r\n    rel=\"\"\r\n    data-bs-toggle=\"tooltip\"\r\n    data-bs-placement=\"top\"\r\n    title=\"Facebook\">\r\n        <i aria-hidden=\"true\" class=\"fab fa-facebook-square\"><\/i>    <\/a>\r\n        <a aria-label=\"Social Link\" class=\"link\" href=\"https:\/\/www.instagram.com\/ezinjurylaw\/\"\r\n    target=\"_blank\"\r\n    rel=\"\"\r\n    data-bs-toggle=\"tooltip\"\r\n    data-bs-placement=\"top\"\r\n    title=\"Instagram\">\r\n        <i aria-hidden=\"true\" class=\"flaticon flaticon-instagram\"><\/i>    <\/a>\r\n    <\/div>\t\t\t\t<\/div>\n\t\t\t\t<\/div>\n\t\t\t\t\t<\/div>\n\t\t\t\t<\/div>\n\t\t\t\t\t<\/div>\n\t\t<\/div>\n\t\t\t\t\t<\/div>\n\t\t<\/section>\n\t\t\t\t<section class=\"elementor-section elementor-top-section elementor-element elementor-element-9c47c35 elementor-section-full_width elementor-section-height-default elementor-section-height-default\" data-id=\"9c47c35\" data-element_type=\"section\" data-e-type=\"section\">\n\t\t\t\t\t\t<div class=\"elementor-container elementor-column-gap-default\">\n\t\t\t\t\t<div class=\"elementor-column elementor-col-100 elementor-top-column elementor-element elementor-element-5b17b2e\" data-id=\"5b17b2e\" data-element_type=\"column\" data-e-type=\"column\">\n\t\t\t<div class=\"elementor-widget-wrap elementor-element-populated\">\n\t\t\t\t\t\t<div class=\"elementor-element elementor-element-36d069e elementor-widget elementor-widget-tx_award elh-el tx_award\" data-id=\"36d069e\" data-element_type=\"widget\" data-e-type=\"widget\" data-settings=\"{&quot;design_style&quot;:&quot;style_1&quot;}\" data-widget_type=\"tx_award.default\">\n\t\t\t\t<div class=\"elementor-widget-container\">\n\t\t\t\t\t<section class=\"lw-awards-1-area pt-145 wa-p-relative tx-section\">\r\n\r\n        <img decoding=\"async\" src=\"https:\/\/ezinjurylaw.com\/wp-content\/uploads\/2025\/02\/awards-1-glow.webp\" class=\"lw-awards-1-bg-glow\" alt=\"awards-1-glow\">\r\n    \r\n    <div class=\"container lw-container-1\">\r\n        <div class=\"lw-awards-1-wrap wa-p-relative\">\r\n\r\n                        <h2 class=\"lw-sec-big-title tx-big-title lw-split-1\">Logros<\/h2>\r\n            \r\n            <!-- section-title -->\r\n            <div class=\"lw-awards-1-sec-title mb-30\">\r\n\r\n                \r\n                <h2 class=\"tx-title lw-sec-title-1 lw-split-2\">Premios y reconocimientos<\/h2>\r\n                            <\/div>\r\n\r\n                        <div class=\"lw-awards-1-row\">\r\n                                <h6 class=\"lw-h-1 title\"><\/h6>\r\n                            <\/div>\r\n            \r\n                        <div class=\"lw-awards-1-item-wrap mb-20\">\r\n                                <h5 class=\"lw-awards-1-item lw-h-1 wa-slideInUp\">\r\n                                        <span>Phoenix Magazine<\/span>\r\n                    \r\n                                        <span>Abogado l\u00edder en lesiones personales<\/span>\r\n                    \r\n                    \r\n                                        <span>2024<\/span>\r\n                                    <\/h5>\r\n                                <h5 class=\"lw-awards-1-item lw-h-1 wa-slideInUp\">\r\n                                        <span>The National Advocates<\/span>\r\n                    \r\n                                        <span>Top 40 menores de 40<\/span>\r\n                    \r\n                    \r\n                                        <span>2017<\/span>\r\n                                    <\/h5>\r\n                                <h5 class=\"lw-awards-1-item lw-h-1 wa-slideInUp\">\r\n                                        <span>The National Trial Lawyers<\/span>\r\n                    \r\n                                        <span>Top 40 menores de 40<\/span>\r\n                    \r\n                    \r\n                                        <span>2016<\/span>\r\n                                    <\/h5>\r\n                            <\/div>\r\n            \r\n                    <\/div>\r\n    <\/div>\r\n<\/section>\t\t\t\t<\/div>\n\t\t\t\t<\/div>\n\t\t\t\t\t<\/div>\n\t\t<\/div>\n\t\t\t\t\t<\/div>\n\t\t<\/section>\n\t\t\t\t<section class=\"elementor-section elementor-top-section elementor-element elementor-element-4dc452b elementor-section-full_width elementor-section-height-default elementor-section-height-default\" data-id=\"4dc452b\" data-element_type=\"section\" data-e-type=\"section\">\n\t\t\t\t\t\t<div class=\"elementor-container elementor-column-gap-default\">\n\t\t\t\t\t<div class=\"elementor-column elementor-col-100 elementor-top-column elementor-element elementor-element-68d06f8\" data-id=\"68d06f8\" data-element_type=\"column\" data-e-type=\"column\">\n\t\t\t<div class=\"elementor-widget-wrap elementor-element-populated\">\n\t\t\t\t\t\t<div class=\"elementor-element elementor-element-fb6c414 elementor-widget elementor-widget-tx_contact_info elh-el tx_contact_info\" data-id=\"fb6c414\" data-element_type=\"widget\" data-e-type=\"widget\" data-settings=\"{&quot;design_style&quot;:&quot;style_1&quot;}\" data-widget_type=\"tx_contact_info.default\">\n\t\t\t\t<div class=\"elementor-widget-container\">\n\t\t\t\t\t<section class=\"lw-contact-1-area wa-fix pt-170 pb-105 wa-p-relative tx-section\">\r\n\r\n    <div class=\"container lw-container-1\">\r\n        <div class=\"lw-contact-1-wrap wa-p-relative\">\r\n                        <h2 class=\"lw-sec-big-title tx-big-title lw-split-1\">Contacto<\/h2>\r\n            \r\n            <!-- left-content -->\r\n            <div class=\"lw-contact-1-content\">\r\n\r\n                <!-- sec-title -->\r\n                <div class=\"lw-contact-1-sec-title mb-25\">\r\n\r\n                                        <h6 class=\"lw-subtitle-1 tx-subTitle\">\r\n                                                                                    <img decoding=\"async\" class=\"wa-fadeInUp\" src=\"https:\/\/ezinjurylaw.com\/wp-content\/uploads\/2025\/02\/subtitle-1-icon.webp\" alt=\"subtitle-1-icon\">\r\n                                                        \r\n                        Cont\u00e1ctenos                    <\/h6>\r\n                    \r\n                    <h2 class=\"tx-title lw-sec-title-1 lw-split-2\">\u00a1Hablemos!<\/h2>\r\n                                        <p class=\"lw-p-1 disc wa-fadeInUp tx-description\">\r\n                        Ll\u00e1menos hoy, deje un mensaje o env\u00edenos un correo electr\u00f3nico.                    <\/p>\r\n                                    <\/div>\r\n\r\n                <div class=\"lw-contact-1-address mb-35\">\r\n                                        <div class=\"left wa-fadeInUp\">\r\n                                                <h5 class=\"lw-h-1 title\">\r\n                            contacto                        <\/h5>\r\n                        \r\n                                                <a href=\"tel:%20(480)-999-7426\"\r\n                        target=\"_self\"\r\n                        rel= \"\"\r\n                        class=\"item-link lw-h-1\">\r\n                            tel: (480)-999-7426                        <\/a>\r\n                                                <a href=\"\"\r\n                        target=\"_self\"\r\n                        rel= \"\"\r\n                        class=\"item-link lw-h-1\">\r\n                            Fax: (602) 491-0481                        <\/a>\r\n                                                <a href=\"\"\r\n                        target=\"_self\"\r\n                        rel= \"\"\r\n                        class=\"item-link lw-h-1\">\r\n                            email: staff@ezinjurylaw.com                        <\/a>\r\n                                            <\/div>\r\n                    \r\n                    <div class=\"line\"><\/div>\r\n\r\n                                        <div class=\"right wa-fadeInUp\">\r\n                                                <h5 class=\"lw-h-1 title\">\r\n                            address                        <\/h5>\r\n                        \r\n                                                <p class=\"address lw-h-1\"><a href=\"https:\/\/www.google.com\/maps\/place\/EZ+Injury+Law\/@33.4769794,-112.0696165,17z\/data=!3m1!4b1!4m6!3m5!1s0x872b1321f88d7439:0x9f7dacc55ec32526!8m2!3d33.476975!4d-112.0670416!16s%2Fg%2F11kpq3d86p?entry=ttu\">350 E Virginia Avenue, Suite 100 \u200d<\/br> Phoenix, AZ 85004<\/a><\/p>\r\n                                            <\/div>\r\n                                    <\/div>\r\n\r\n                <div class=\"inner-div d-flex align-items-center flex-wrap wa-fadeInUp\">\r\n\r\n                                        <div class=\"left\">\r\n                                                <h6 class=\"lw-h-1 title\">\r\n                            Conectemos                        <\/h6>\r\n                                                <div class=\"lw-contact-1-social\">\r\n\r\n                                                        <a aria-label=\"Social Link\" href=\"https:\/\/www.facebook.com\/ezinjurylaw\"\r\n                            target=\"_blank\"\r\n                            rel=\"\"\r\n                            data-bs-toggle=\"tooltip\"\r\n                            data-bs-placement=\"top\"\r\n                            class=\"item-link\"\r\n                            title=\"Social Icon\">\r\n                                <i aria-hidden=\"true\" class=\"fab fa-facebook\"><\/i>                            <\/a>\r\n                                                        <a aria-label=\"Social Link\" href=\"https:\/\/www.instagram.com\/ezinjurylaw\/\"\r\n                            target=\"_blank\"\r\n                            rel=\"\"\r\n                            data-bs-toggle=\"tooltip\"\r\n                            data-bs-placement=\"top\"\r\n                            class=\"item-link\"\r\n                            title=\"Social Icon\">\r\n                                <i aria-hidden=\"true\" class=\"fab fa-instagram\"><\/i>                            <\/a>\r\n                            \r\n                        <\/div>\r\n                    <\/div>\r\n                    \r\n                                        <a href=\"tel:%20(480)-999-7426\"\r\n                    target=\"_blank\"\r\n                    rel= \"\" aria-label=\"name\" class=\"lw-pr-btn-1  tx-button\">\r\n                                                <span class=\"text\">\u00a1Ll\u00e1menos!<\/span>\r\n                        \r\n                                                <span class=\"icon\">\r\n                            <i aria-hidden=\"true\" class=\"fas fa-arrow-right\"><\/i>                        <\/span>\r\n                        \r\n                                                <span class=\"icon-2\">\r\n                            <i aria-hidden=\"true\" class=\"fas fa-arrow-right\"><\/i>                        <\/span>\r\n                                            <\/a>\r\n                                    <\/div>\r\n            <\/div>\r\n\r\n            <!-- right-form -->\r\n                          <div class=\"lw-contact-1-form lw-form-1 wa-p-relative d-block\">\r\n                \n<div class=\"wpcf7 no-js\" id=\"wpcf7-f9597-o1\" lang=\"es-ES\" dir=\"ltr\" data-wpcf7-id=\"9597\">\n<div class=\"screen-reader-response\"><p role=\"status\" aria-live=\"polite\" aria-atomic=\"true\"><\/p> <ul><\/ul><\/div>\n<form action=\"\/es\/wp-json\/wp\/v2\/pages\/9528#wpcf7-f9597-o1\" method=\"post\" class=\"wpcf7-form init\" aria-label=\"Formulario de contacto\" novalidate=\"novalidate\" data-status=\"init\">\n<fieldset class=\"hidden-fields-container\"><input type=\"hidden\" name=\"_wpcf7\" value=\"9597\" \/><input type=\"hidden\" name=\"_wpcf7_version\" value=\"6.1.5\" \/><input type=\"hidden\" name=\"_wpcf7_locale\" value=\"es_ES\" \/><input type=\"hidden\" name=\"_wpcf7_unit_tag\" value=\"wpcf7-f9597-o1\" \/><input type=\"hidden\" name=\"_wpcf7_container_post\" value=\"0\" \/><input type=\"hidden\" name=\"_wpcf7_posted_data_hash\" value=\"\" \/><input type=\"hidden\" name=\"_wpcf7_recaptcha_response\" value=\"\" \/>\n<\/fieldset>\n<div class=\"lw-form-1-bg-color\"><\/div>\n<div class=\"row\">\n    <div class=\"col-lg-6\">\n        <div class=\"lw-form-1-item\">\n <span class=\"wpcf7-form-control-wrap\" data-name=\"text-949\"><input size=\"40\" maxlength=\"400\" class=\"wpcf7-form-control wpcf7-text wpcf7-validates-as-required lw-form-1-item-input\" aria-required=\"true\" aria-invalid=\"false\" placeholder=\"Tu nombre\" value=\"\" type=\"text\" name=\"text-949\" \/><\/span>\n        <\/div>\n    <\/div>\n    <div class=\"col-lg-6\">\n        <div class=\"lw-form-1-item\">\n <span class=\"wpcf7-form-control-wrap\" data-name=\"email-949\"><input size=\"40\" maxlength=\"400\" class=\"wpcf7-form-control wpcf7-email wpcf7-validates-as-required wpcf7-text wpcf7-validates-as-email lw-form-1-item-input\" aria-required=\"true\" aria-invalid=\"false\" placeholder=\"Tu correo electr\u00f3nico\" value=\"\" type=\"email\" name=\"email-949\" \/><\/span>\n        <\/div>\n    <\/div>\n    <div class=\"col-lg-6\">\n        <div class=\"lw-form-1-item\">\n <span class=\"wpcf7-form-control-wrap\" data-name=\"tel-949\"><input size=\"40\" maxlength=\"400\" class=\"wpcf7-form-control wpcf7-tel wpcf7-validates-as-required wpcf7-text wpcf7-validates-as-tel lw-form-1-item-input\" aria-required=\"true\" aria-invalid=\"false\" placeholder=\"Tu tel\u00e9fono\" value=\"\" type=\"tel\" name=\"tel-949\" \/><\/span>\n        <\/div>\n    <\/div>\n    <div class=\"col-lg-6\">\n        <div class=\"lw-form-1-item\">\n <span class=\"wpcf7-form-control-wrap\" data-name=\"text-950\"><input size=\"40\" maxlength=\"400\" class=\"wpcf7-form-control wpcf7-text wpcf7-validates-as-required lw-form-1-item-input\" aria-required=\"true\" aria-invalid=\"false\" placeholder=\"Asunto\" value=\"\" type=\"text\" name=\"text-950\" \/><\/span>\n        <\/div>\n    <\/div>\n    <div class=\"col-lg-12\">\n        <div class=\"lw-form-1-item\">\n <span class=\"wpcf7-form-control-wrap\" data-name=\"textarea-950\"><textarea cols=\"40\" rows=\"10\" maxlength=\"2000\" class=\"wpcf7-form-control wpcf7-textarea wpcf7-validates-as-required lw-form-1-item-input\" aria-required=\"true\" aria-invalid=\"false\" placeholder=\"Tu mensaje\" name=\"textarea-950\"><\/textarea><\/span>\n        <\/div>\n    <\/div>\n    <div class=\"col-lg-12\">\n        <div class=\"lw-form-1-item has-full-width\">\n            <div class=\"lw-form-1-item-checkbox\">\n                <input type=\"checkbox\" id=\"check-1\" aria-label=\"name\">\n                <label for=\"check-1\" class=\"lw-p-1\">Recordar mis datos para futuros comentarios en este navegador.<\/label>\n            <\/div>\n        <\/div>\n    <\/div>\n    <div class=\"col-lg-12\">\n        <div class=\"lw-form-1-item has-full-width pt-30\">\n            <button class=\"lw-pr-btn-1\" type=\"submit\" aria-label=\"name\">\n                <span class=\"text\">Enviar mensaje<\/span>\n                <span class=\"icon\">\n                    <i class=\"fa-solid fa-arrow-right\"><\/i>\n                <\/span>\n                <span class=\"icon-2\">\n                    <i class=\"fa-solid fa-arrow-right\"><\/i>\n                <\/span>\n            <\/button>\n        <\/div>\n    <\/div>\n<\/div><div class=\"wpcf7-response-output\" aria-hidden=\"true\"><\/div>\n<\/form>\n<\/div>\n             <\/div>\r\n                    <\/div>\r\n    <\/div>\r\n\r\n        <div class=\"lw-contact-1-illus-1\">\r\n        <img decoding=\"async\" src=\"https:\/\/ezinjurylaw.com\/wp-content\/uploads\/2025\/02\/c1-illus-1.webp\" alt=\"c1-illus-1\">\r\n    <\/div>\r\n    <\/section>\t\t\t\t<\/div>\n\t\t\t\t<\/div>\n\t\t\t\t\t<\/div>\n\t\t<\/div>\n\t\t\t\t\t<\/div>\n\t\t<\/section>\n\t\t\t\t<section class=\"elementor-section elementor-top-section elementor-element elementor-element-dce1f51 elementor-section-full_width elementor-section-height-default elementor-section-height-default\" data-id=\"dce1f51\" data-element_type=\"section\" data-e-type=\"section\">\n\t\t\t\t\t\t<div class=\"elementor-container elementor-column-gap-default\">\n\t\t\t\t\t<div class=\"elementor-column elementor-col-100 elementor-top-column elementor-element elementor-element-51582c5\" data-id=\"51582c5\" data-element_type=\"column\" data-e-type=\"column\">\n\t\t\t<div class=\"elementor-widget-wrap elementor-element-populated\">\n\t\t\t\t\t\t<div class=\"elementor-element elementor-element-5af145a elementor-widget elementor-widget-tx_moving_text elh-el tx_moving_text\" data-id=\"5af145a\" data-element_type=\"widget\" data-e-type=\"widget\" data-settings=\"{&quot;design_style&quot;:&quot;style_1&quot;}\" data-widget_type=\"tx_moving_text.default\">\n\t\t\t\t<div class=\"elementor-widget-container\">\n\t\t\t\t\t<div class=\"lw-slide-text-1-wrap\">\r\n        <div class=\"btn-wrap text-center\">\r\n        <a href=\"https:\/\/ezinjurylaw.com\/es\/contactenos\/\"\r\n        target=\"_self\"\r\n        rel=\"\"\r\n        aria-label=\"name\" class=\"lw-slide-text-1-btn wa-magnetic-btn\">\r\n            <i aria-hidden=\"true\" class=\"flaticon flaticon-up-right-arrow\"><\/i>        <\/a>\r\n    <\/div>\r\n        <div class=\"lw-marquee-text-1\">\r\n        <div class=\"lw-slide-text-1-flex\">\r\n                                                <h4 class=\"lw-p-1 title\">\u00a1Cont\u00e1ctanos hoy!<\/h4>\r\n                                                                <h4 class=\"lw-p-1 title\">\u00a1Cont\u00e1ctanos hoy!<\/h4>\r\n                                                                <h4 class=\"lw-p-1 title\">\u00a1Cont\u00e1ctanos hoy!<\/h4>\r\n                                                                <h4 class=\"lw-p-1 title\">\u00a1Cont\u00e1ctanos hoy!<\/h4>\r\n                                                                <h4 class=\"lw-p-1 title\">\u00a1Cont\u00e1ctanos hoy!<\/h4>\r\n                                                                <h4 class=\"lw-p-1 title\">\u00a1Cont\u00e1ctanos hoy!<\/h4>\r\n                                                                <h4 class=\"lw-p-1 title\">\u00a1Cont\u00e1ctanos hoy!<\/h4>\r\n                                                                <h4 class=\"lw-p-1 title\">\u00a1Cont\u00e1ctanos hoy!<\/h4>\r\n                                    <\/div>\r\n    <\/div>\r\n<\/div>\t\t\t\t<\/div>\n\t\t\t\t<\/div>\n\t\t\t\t\t<\/div>\n\t\t<\/div>\n\t\t\t\t\t<\/div>\n\t\t<\/section>\n\t\t\t\t<\/div>\n\t\t","protected":false},"excerpt":{"rendered":"<p>Abogados Nuestros abogados con experiencia Tenemos un equipo experimentado Ayensa I. Millan, Esq. Managing Attorney Arash Alex Tavanaei, Esq. Managing Attorney Logros Premios y reconocimientos Phoenix Magazine Abogado l\u00edder en lesiones personales 2024 The National Advocates Top 40 menores de 40 2017 The National Trial Lawyers Top 40 menores de 40 2016 Contacto Cont\u00e1ctenos \u00a1Hablemos! [&hellip;]<\/p>\n","protected":false},"author":1,"featured_media":9491,"parent":0,"menu_order":0,"comment_status":"closed","ping_status":"closed","template":"elementor_header_footer","meta":{"inline_featured_image":false,"footnotes":""},"class_list":["post-9528","page","type-page","status-publish","has-post-thumbnail","hentry"],"_links":{"self":[{"href":"https:\/\/ezinjurylaw.com\/es\/wp-json\/wp\/v2\/pages\/9528","targetHints":{"allow":["GET"]}}],"collection":[{"href":"https:\/\/ezinjurylaw.com\/es\/wp-json\/wp\/v2\/pages"}],"about":[{"href":"https:\/\/ezinjurylaw.com\/es\/wp-json\/wp\/v2\/types\/page"}],"author":[{"embeddable":true,"href":"https:\/\/ezinjurylaw.com\/es\/wp-json\/wp\/v2\/users\/1"}],"replies":[{"embeddable":true,"href":"https:\/\/ezinjurylaw.com\/es\/wp-json\/wp\/v2\/comments?post=9528"}],"version-history":[{"count":7,"href":"https:\/\/ezinjurylaw.com\/es\/wp-json\/wp\/v2\/pages\/9528\/revisions"}],"predecessor-version":[{"id":9600,"href":"https:\/\/ezinjurylaw.com\/es\/wp-json\/wp\/v2\/pages\/9528\/revisions\/9600"}],"wp:featuredmedia":[{"embeddable":true,"href":"https:\/\/ezinjurylaw.com\/es\/wp-json\/wp\/v2\/media\/9491"}],"wp:attachment":[{"href":"https:\/\/ezinjurylaw.com\/es\/wp-json\/wp\/v2\/media?parent=9528"}],"curies":[{"name":"wp","href":"https:\/\/api.w.org\/{rel}","templated":true}]}}